{"id":1713,"date":"2017-02-28T08:42:03","date_gmt":"2017-02-28T08:42:03","guid":{"rendered":"https:\/\/logitransit.es\/flota-i-serveis\/?lang=es"},"modified":"2020-09-03T13:50:13","modified_gmt":"2020-09-03T13:50:13","slug":"servicios","status":"publish","type":"page","link":"https:\/\/logitransit.es\/es\/servicios\/","title":{"rendered":"Servicios"},"content":{"rendered":"<div  class=\"fusion-fullwidth fullwidth-box nonhundred-percent-fullwidth\"  style='background-color: rgba(255,255,255,0);background-position: center center;background-repeat: no-repeat;padding-top:20px;padding-right:0px;padding-bottom:20px;padding-left:0px;'><div class=\"fusion-builder-row fusion-row \"><div  class=\"fusion-layout-column fusion_builder_column fusion_builder_column_1_1  fusion-one-full fusion-column-first fusion-column-last 1_1\"  style='margin-top:0px;margin-bottom:30px;'>\n\t\t\t<div class=\"fusion-column-wrapper\" style=\"background-position:left top;background-repeat:no-repeat;-webkit-background-size:cover;-moz-background-size:cover;-o-background-size:cover;background-size:cover;\"  data-bg-url=\"\">\n\t\t\t\t<h3 class=\"lletra_bona\" style=\"text-align: center;\"><strong><span style=\"vertical-align: inherit;\"><span style=\"vertical-align: inherit;\">Trabajamos para cubrir tus necesidades<\/span><\/span><\/strong><\/h3>\n<div class=\"text_adaptat\">\n<p><span style=\"vertical-align: inherit;\"><span style=\"vertical-align: inherit;\">A d\u00eda de hoy, gracias a un equipo de personal cualificado, nuestra agencia puede ofrecer a los clientes cualquier tipo de transporte nacional e internacional, con todas las garant\u00edas de profesionalidad, puntualidad y seriedad. <\/span><span style=\"vertical-align: inherit;\">As\u00ed pues, podemos decir que nuestro trabajo nos avala.<\/span><\/span><\/p>\n<p><span style=\"vertical-align: inherit;\"><span style=\"vertical-align: inherit;\">Tambi\u00e9n ofrecemos servicios de almacenamiento y distribuci\u00f3n de mercanc\u00edas.<\/span><\/span><\/p>\n<\/div>\n<h3 class=\"lletra_bona\" style=\"text-align: center;\"><strong><span style=\"vertical-align: inherit;\"><span style=\"vertical-align: inherit;\">TRANSPORTE<\/span><\/span><\/strong><\/h3>\n<div class=\"text_adaptat\">\n<p><span style=\"vertical-align: inherit;\"><span style=\"vertical-align: inherit;\">El af\u00e1n de seguir mejorando, hizo que en el a\u00f1o 2020, la empresa ampliara su oferta, con unas instalaciones de 7000 m2 en el pol.l\u00edgon industrial Campllong<\/span><\/span><\/p>\n<\/div>\n<div class=\"fusion-clearfix\"><\/div>\n\n\t\t\t<\/div>\n\t\t<\/div><div  class=\"fusion-layout-column fusion_builder_column fusion_builder_column_1_3  fusion-one-third fusion-column-first 1_3\"  style='margin-top:0px;margin-bottom:30px;width:33.33%;width:calc(33.33% - ( ( 4% + 4% ) * 0.3333 ) );margin-right: 4%;'>\n\t\t\t<div class=\"fusion-column-wrapper\" style=\"background-position:left top;background-repeat:no-repeat;-webkit-background-size:cover;-moz-background-size:cover;-o-background-size:cover;background-size:cover;\"  data-bg-url=\"\">\n\t\t\t\t<div class=\"text_adaptat\" style=\"text-align: left !important;\">\n<ul>\n<li><span style=\"color: #000000;\">Semirremolques basculantes<\/span><\/li>\n<li><span style=\"color: #000000;\">Taller autorizado IVECO donde se hacen revisiones semanas los veh\u00edculos<\/span><\/li>\n<li><span style=\"color: #000000;\">Veh\u00edculos equipados con localizador GPS<\/span><\/li>\n<li><span style=\"color: #000000;\">Veh\u00edculos de subtituci\u00f3, tanto de tractores como de remolques<\/span><\/li>\n<li><span style=\"color: #000000;\">G\u00f3ndola porta-veh\u00edculos de uso privado y p\u00fablico<\/span><\/li>\n<\/ul>\n<\/div>\n<div class=\"fusion-clearfix\"><\/div>\n\n\t\t\t<\/div>\n\t\t<\/div><div  class=\"fusion-layout-column fusion_builder_column fusion_builder_column_1_3  fusion-one-third 1_3\"  style='margin-top:0px;margin-bottom:30px;width:33.33%;width:calc(33.33% - ( ( 4% + 4% ) * 0.3333 ) );margin-right: 4%;'>\n\t\t\t<div class=\"fusion-column-wrapper\" style=\"background-position:left top;background-repeat:no-repeat;-webkit-background-size:cover;-moz-background-size:cover;-o-background-size:cover;background-size:cover;\"  data-bg-url=\"\">\n\t\t\t\t<span class=\"fusion-imageframe imageframe-none imageframe-1 hover-type-none fusion-animated\" data-animationType=\"fadeInLeft\" data-animationDuration=\"1.0\" data-animationOffset=\"100%\"><img loading=\"lazy\" decoding=\"async\" src=\"https:\/\/logitransit.es\/wp-content\/uploads\/2017\/02\/Transport-4-1200x583-1.jpeg\" width=\"1200\" height=\"583\" alt=\"\" title=\"Transport-4-1200x583\" class=\"img-responsive wp-image-2089\" srcset=\"https:\/\/logitransit.es\/wp-content\/uploads\/2017\/02\/Transport-4-1200x583-1-200x97.jpeg 200w, https:\/\/logitransit.es\/wp-content\/uploads\/2017\/02\/Transport-4-1200x583-1-400x194.jpeg 400w, https:\/\/logitransit.es\/wp-content\/uploads\/2017\/02\/Transport-4-1200x583-1-600x292.jpeg 600w, https:\/\/logitransit.es\/wp-content\/uploads\/2017\/02\/Transport-4-1200x583-1-800x389.jpeg 800w, https:\/\/logitransit.es\/wp-content\/uploads\/2017\/02\/Transport-4-1200x583-1.jpeg 1200w\" sizes=\"(max-width: 800px) 100vw, 1170px\" \/><\/span><div class=\"fusion-clearfix\"><\/div>\n\n\t\t\t<\/div>\n\t\t<\/div><div  class=\"fusion-layout-column fusion_builder_column fusion_builder_column_1_3  fusion-one-third fusion-column-last 1_3\"  style='margin-top:0px;margin-bottom:30px;width:33.33%;width:calc(33.33% - ( ( 4% + 4% ) * 0.3333 ) );'>\n\t\t\t<div class=\"fusion-column-wrapper\" style=\"background-position:left top;background-repeat:no-repeat;-webkit-background-size:cover;-moz-background-size:cover;-o-background-size:cover;background-size:cover;\"  data-bg-url=\"\">\n\t\t\t\t<span class=\"fusion-imageframe imageframe-none imageframe-2 hover-type-none fusion-animated\" data-animationType=\"fadeInLeft\" data-animationDuration=\"1.0\" data-animationOffset=\"100%\"><img loading=\"lazy\" decoding=\"async\" src=\"https:\/\/logitransit.es\/wp-content\/uploads\/2017\/02\/Transport-2-1.jpeg\" width=\"1200\" height=\"583\" alt=\"\" title=\"Transport-2\" class=\"img-responsive wp-image-2092\" srcset=\"https:\/\/logitransit.es\/wp-content\/uploads\/2017\/02\/Transport-2-1-200x97.jpeg 200w, https:\/\/logitransit.es\/wp-content\/uploads\/2017\/02\/Transport-2-1-400x194.jpeg 400w, https:\/\/logitransit.es\/wp-content\/uploads\/2017\/02\/Transport-2-1-600x292.jpeg 600w, https:\/\/logitransit.es\/wp-content\/uploads\/2017\/02\/Transport-2-1-800x389.jpeg 800w, https:\/\/logitransit.es\/wp-content\/uploads\/2017\/02\/Transport-2-1.jpeg 1200w\" sizes=\"(max-width: 800px) 100vw, 1170px\" \/><\/span><div class=\"fusion-clearfix\"><\/div>\n\n\t\t\t<\/div>\n\t\t<\/div><div  class=\"fusion-layout-column fusion_builder_column fusion_builder_column_1_2  fusion-one-half fusion-column-first 1_2\"  style='margin-top:0px;margin-bottom:30px;width:50%;width:calc(50% - ( ( 4% ) * 0.5 ) );margin-right: 4%;'>\n\t\t\t<div class=\"fusion-column-wrapper\" style=\"background-position:left top;background-repeat:no-repeat;-webkit-background-size:cover;-moz-background-size:cover;-o-background-size:cover;background-size:cover;\"  data-bg-url=\"\">\n\t\t\t\t<span class=\"fusion-imageframe imageframe-none imageframe-3 hover-type-none fusion-animated\" data-animationType=\"fadeInLeft\" data-animationDuration=\"1.0\" data-animationOffset=\"100%\"><img loading=\"lazy\" decoding=\"async\" src=\"https:\/\/logitransit.es\/wp-content\/uploads\/2017\/02\/Transport-1-1.png\" width=\"800\" height=\"515\" alt=\"\" title=\"Transport-1\" class=\"img-responsive wp-image-2095\" srcset=\"https:\/\/logitransit.es\/wp-content\/uploads\/2017\/02\/Transport-1-1-200x129.png 200w, https:\/\/logitransit.es\/wp-content\/uploads\/2017\/02\/Transport-1-1-400x258.png 400w, https:\/\/logitransit.es\/wp-content\/uploads\/2017\/02\/Transport-1-1-600x386.png 600w, https:\/\/logitransit.es\/wp-content\/uploads\/2017\/02\/Transport-1-1.png 800w\" sizes=\"(max-width: 800px) 100vw, 1170px\" \/><\/span><div class=\"fusion-clearfix\"><\/div>\n\n\t\t\t<\/div>\n\t\t<\/div><div  class=\"fusion-layout-column fusion_builder_column fusion_builder_column_1_2  fusion-one-half fusion-column-last 1_2\"  style='margin-top:0px;margin-bottom:30px;width:50%;width:calc(50% - ( ( 4% ) * 0.5 ) );'>\n\t\t\t<div class=\"fusion-column-wrapper\" style=\"background-position:left top;background-repeat:no-repeat;-webkit-background-size:cover;-moz-background-size:cover;-o-background-size:cover;background-size:cover;\"  data-bg-url=\"\">\n\t\t\t\t<span class=\"fusion-imageframe imageframe-none imageframe-4 hover-type-none fusion-animated\" data-animationType=\"fadeInLeft\" data-animationDuration=\"1.0\" data-animationOffset=\"100%\"><img loading=\"lazy\" decoding=\"async\" src=\"https:\/\/logitransit.es\/wp-content\/uploads\/2017\/02\/Transport-3-1200x553-1.jpeg\" width=\"800\" height=\"515\" alt=\"\" title=\"Transport-3-1200x553\" class=\"img-responsive wp-image-2101\" srcset=\"https:\/\/logitransit.es\/wp-content\/uploads\/2017\/02\/Transport-3-1200x553-1-200x129.jpeg 200w, https:\/\/logitransit.es\/wp-content\/uploads\/2017\/02\/Transport-3-1200x553-1-400x258.jpeg 400w, https:\/\/logitransit.es\/wp-content\/uploads\/2017\/02\/Transport-3-1200x553-1-600x386.jpeg 600w, https:\/\/logitransit.es\/wp-content\/uploads\/2017\/02\/Transport-3-1200x553-1.jpeg 800w\" sizes=\"(max-width: 800px) 100vw, 1170px\" \/><\/span><div class=\"fusion-clearfix\"><\/div>\n\n\t\t\t<\/div>\n\t\t<\/div><\/div><\/div><div  class=\"fusion-fullwidth fullwidth-box nonhundred-percent-fullwidth\"  style='background-color: rgba(255,255,255,0);background-position: center center;background-repeat: no-repeat;padding-top:20px;padding-right:0px;padding-bottom:20px;padding-left:0px;'><div class=\"fusion-builder-row fusion-row \"><div  class=\"fusion-layout-column fusion_builder_column fusion_builder_column_1_1  fusion-one-full fusion-column-first fusion-column-last 1_1\"  style='margin-top:0px;margin-bottom:30px;'>\n\t\t\t<div class=\"fusion-column-wrapper\" style=\"background-position:left top;background-repeat:no-repeat;-webkit-background-size:cover;-moz-background-size:cover;-o-background-size:cover;background-size:cover;\"  data-bg-url=\"\">\n\t\t\t\t<h3 class=\"lletra_bona\" style=\"text-align: center;\"><strong><span style=\"vertical-align: inherit;\"><span style=\"vertical-align: inherit;\">ALMACENAMIENTO y DISTRIBUCI\u00d3N<\/span><\/span><\/strong><\/h3>\n<div class=\"text_adaptat\">\n<p><span style=\"vertical-align: inherit;\"><span style=\"vertical-align: inherit;\">Disponemos de unas instalaciones de 7000m2 en el Pol\u00edgono Industrial de Balaguer (Lleida). <\/span><span style=\"vertical-align: inherit;\">Ofrecemos servicios de almacenamiento integral, cubierto o descubierto, almacenamiento estacional y la posibilidad de la clasificaci\u00f3n y \/ o distribuci\u00f3n de la mercanc\u00eda.<\/span><\/span><\/p>\n<\/div>\n<div class=\"fusion-clearfix\"><\/div>\n\n\t\t\t<\/div>\n\t\t<\/div><div  class=\"fusion-layout-column fusion_builder_column fusion_builder_column_1_2  fusion-one-half fusion-column-first 1_2\"  style='margin-top:0px;margin-bottom:30px;width:50%;width:calc(50% - ( ( 4% ) * 0.5 ) );margin-right: 4%;'>\n\t\t\t<div class=\"fusion-column-wrapper\" style=\"background-position:left top;background-repeat:no-repeat;-webkit-background-size:cover;-moz-background-size:cover;-o-background-size:cover;background-size:cover;\"  data-bg-url=\"\">\n\t\t\t\t<span class=\"fusion-imageframe imageframe-none imageframe-5 hover-type-none fusion-animated\" data-animationType=\"fadeInLeft\" data-animationDuration=\"1.0\" data-animationOffset=\"100%\"><img loading=\"lazy\" decoding=\"async\" src=\"https:\/\/logitransit.es\/wp-content\/uploads\/2017\/02\/almacenaje-3-1200x603-1.jpeg\" width=\"1200\" height=\"603\" alt=\"\" title=\"almacenaje-3-1200x603\" class=\"img-responsive wp-image-2104\" srcset=\"https:\/\/logitransit.es\/wp-content\/uploads\/2017\/02\/almacenaje-3-1200x603-1-200x101.jpeg 200w, https:\/\/logitransit.es\/wp-content\/uploads\/2017\/02\/almacenaje-3-1200x603-1-400x201.jpeg 400w, https:\/\/logitransit.es\/wp-content\/uploads\/2017\/02\/almacenaje-3-1200x603-1-600x302.jpeg 600w, https:\/\/logitransit.es\/wp-content\/uploads\/2017\/02\/almacenaje-3-1200x603-1-800x402.jpeg 800w, https:\/\/logitransit.es\/wp-content\/uploads\/2017\/02\/almacenaje-3-1200x603-1.jpeg 1200w\" sizes=\"(max-width: 800px) 100vw, 1170px\" \/><\/span><div class=\"fusion-clearfix\"><\/div>\n\n\t\t\t<\/div>\n\t\t<\/div><div  class=\"fusion-layout-column fusion_builder_column fusion_builder_column_1_2  fusion-one-half fusion-column-last 1_2\"  style='margin-top:0px;margin-bottom:30px;width:50%;width:calc(50% - ( ( 4% ) * 0.5 ) );'>\n\t\t\t<div class=\"fusion-column-wrapper\" style=\"background-position:left top;background-repeat:no-repeat;-webkit-background-size:cover;-moz-background-size:cover;-o-background-size:cover;background-size:cover;\"  data-bg-url=\"\">\n\t\t\t\t<span class=\"fusion-imageframe imageframe-none imageframe-6 hover-type-none fusion-animated\" data-animationType=\"fadeInLeft\" data-animationDuration=\"1.0\" data-animationOffset=\"100%\"><img loading=\"lazy\" decoding=\"async\" src=\"https:\/\/logitransit.es\/wp-content\/uploads\/2017\/02\/almacenaje-1-1200x621-1.jpg\" width=\"1200\" height=\"603\" alt=\"\" title=\"almacenaje-1-1200x621\" class=\"img-responsive wp-image-2107\" srcset=\"https:\/\/logitransit.es\/wp-content\/uploads\/2017\/02\/almacenaje-1-1200x621-1-200x101.jpg 200w, https:\/\/logitransit.es\/wp-content\/uploads\/2017\/02\/almacenaje-1-1200x621-1-400x201.jpg 400w, https:\/\/logitransit.es\/wp-content\/uploads\/2017\/02\/almacenaje-1-1200x621-1-600x302.jpg 600w, https:\/\/logitransit.es\/wp-content\/uploads\/2017\/02\/almacenaje-1-1200x621-1-800x402.jpg 800w, https:\/\/logitransit.es\/wp-content\/uploads\/2017\/02\/almacenaje-1-1200x621-1.jpg 1200w\" sizes=\"(max-width: 800px) 100vw, 1170px\" \/><\/span><div class=\"fusion-clearfix\"><\/div>\n\n\t\t\t<\/div>\n\t\t<\/div><div  class=\"fusion-layout-column fusion_builder_column fusion_builder_column_1_1  fusion-one-full fusion-column-first fusion-column-last 1_1\"  style='margin-top:0px;margin-bottom:30px;'>\n\t\t\t<div class=\"fusion-column-wrapper\" style=\"background-position:left top;background-repeat:no-repeat;-webkit-background-size:cover;-moz-background-size:cover;-o-background-size:cover;background-size:cover;\"  data-bg-url=\"\">\n\t\t\t\t<span class=\"fusion-imageframe imageframe-none imageframe-7 hover-type-none fusion-animated\" data-animationType=\"fadeInLeft\" data-animationDuration=\"1.0\" data-animationOffset=\"100%\"><img loading=\"lazy\" decoding=\"async\" src=\"https:\/\/logitransit.es\/wp-content\/uploads\/2017\/02\/almacenaje-2.jpeg\" width=\"1495\" height=\"491\" alt=\"\" title=\"almacenaje (2)\" class=\"img-responsive wp-image-2062\" srcset=\"https:\/\/logitransit.es\/wp-content\/uploads\/2017\/02\/almacenaje-2-200x66.jpeg 200w, https:\/\/logitransit.es\/wp-content\/uploads\/2017\/02\/almacenaje-2-400x131.jpeg 400w, https:\/\/logitransit.es\/wp-content\/uploads\/2017\/02\/almacenaje-2-600x197.jpeg 600w, https:\/\/logitransit.es\/wp-content\/uploads\/2017\/02\/almacenaje-2-800x263.jpeg 800w, https:\/\/logitransit.es\/wp-content\/uploads\/2017\/02\/almacenaje-2-1200x394.jpeg 1200w, https:\/\/logitransit.es\/wp-content\/uploads\/2017\/02\/almacenaje-2.jpeg 1495w\" sizes=\"(max-width: 800px) 100vw, 1170px\" \/><\/span><div class=\"fusion-clearfix\"><\/div>\n\n\t\t\t<\/div>\n\t\t<\/div><\/div><\/div>\n","protected":false},"excerpt":{"rendered":"Trabajamos para cubrir tus necesidades A d\u00eda de hoy, gracias a un equipo de personal cualificado, nuestra agencia puede ofrecer a los clientes cualquier tipo de transporte nacional e internacional, con todas las garant\u00edas de profesionalidad, puntualidad y seriedad. As\u00ed pues, podemos decir que nuestro trabajo nos avala. Tambi\u00e9n ofrecemos servicios de almacenamiento y distribuci\u00f3n [...]","protected":false},"author":1,"featured_media":0,"parent":0,"menu_order":0,"comment_status":"closed","ping_status":"closed","template":"100-width.php","meta":{"footnotes":""},"class_list":["post-1713","page","type-page","status-publish","hentry"],"_links":{"self":[{"href":"https:\/\/logitransit.es\/es\/wp-json\/wp\/v2\/pages\/1713"}],"collection":[{"href":"https:\/\/logitransit.es\/es\/wp-json\/wp\/v2\/pages"}],"about":[{"href":"https:\/\/logitransit.es\/es\/wp-json\/wp\/v2\/types\/page"}],"author":[{"embeddable":true,"href":"https:\/\/logitransit.es\/es\/wp-json\/wp\/v2\/users\/1"}],"replies":[{"embeddable":true,"href":"https:\/\/logitransit.es\/es\/wp-json\/wp\/v2\/comments?post=1713"}],"version-history":[{"count":7,"href":"https:\/\/logitransit.es\/es\/wp-json\/wp\/v2\/pages\/1713\/revisions"}],"predecessor-version":[{"id":2153,"href":"https:\/\/logitransit.es\/es\/wp-json\/wp\/v2\/pages\/1713\/revisions\/2153"}],"wp:attachment":[{"href":"https:\/\/logitransit.es\/es\/wp-json\/wp\/v2\/media?parent=1713"}],"curies":[{"name":"wp","href":"https:\/\/api.w.org\/{rel}","templated":true}]}}