{"id":1717,"date":"2015-12-14T04:12:01","date_gmt":"2015-12-14T04:12:01","guid":{"rendered":"https:\/\/logitransit.es\/make-appointment\/?lang=es"},"modified":"2023-09-22T11:07:03","modified_gmt":"2023-09-22T11:07:03","slug":"contacta","status":"publish","type":"page","link":"https:\/\/logitransit.es\/es\/contacta\/","title":{"rendered":"Contacta"},"content":{"rendered":"<div id=\"contact\"><div  class=\"fusion-fullwidth fullwidth-box hundred-percent-fullwidth fusion-equal-height-columns\"  style='background-color: rgba(255,255,255,0);background-position: left top;background-repeat: no-repeat;border-top-width:0px;border-bottom-width:0px;border-color:#eae9e9;border-top-style:solid;border-bottom-style:solid;'><div class=\"fusion-builder-row fusion-row \"><div  class=\"fusion-layout-column fusion_builder_column fusion_builder_column_1_2  fusion-one-half fusion-column-first 1_2\"  style='margin-top:0px;margin-bottom:0px;width:48%; margin-right: 4%;'>\n\t\t\t<div class=\"fusion-column-wrapper\" style=\"padding: 30px 10% 30px 10%;background-position:left top;background-repeat:no-repeat;-webkit-background-size:cover;-moz-background-size:cover;-o-background-size:cover;background-size:cover;\"  data-bg-url=\"\">\n\t\t\t\t<h3 class=\"text_adaptat\" style=\"font-weight: 400;\"><span style=\"vertical-align: inherit;\"><span style=\"vertical-align: inherit;\">Consultas<\/span><\/span><\/h3>\n<div id=\"gtx-trans\" style=\"position: absolute; left: 72px; top: 43.7188px;\"><\/div>\n<p class=\"text_adaptat\"><span style=\"vertical-align: inherit;\"><span style=\"vertical-align: inherit;\">Estamos disponibles de lunes a viernes de 8 a 18 horas. <\/span><span style=\"vertical-align: inherit;\">Resolveremos tus dudas o ampliaremos la informaci\u00f3n que requieras en un m\u00e1ximo de 48 horas.<\/span><\/span><\/p>\n<div class=\"fusion-sep-clear\"><\/div><div class=\"fusion-separator fusion-full-width-sep sep-none\" style=\"margin-left: auto;margin-right: auto;margin-top:30px;\"><\/div><div role=\"form\" class=\"wpcf7\" id=\"wpcf7-f1805-o1\" lang=\"en-US\" dir=\"ltr\">\n<div class=\"screen-reader-response\"><\/div>\n<form action=\"\/es\/wp-json\/wp\/v2\/pages\/1717#wpcf7-f1805-o1\" method=\"post\" class=\"wpcf7-form demo\" novalidate=\"novalidate\">\n<div style=\"display: none;\">\n<input type=\"hidden\" name=\"_wpcf7\" value=\"1805\" \/>\n<input type=\"hidden\" name=\"_wpcf7_version\" value=\"4.6.1\" \/>\n<input type=\"hidden\" name=\"_wpcf7_locale\" value=\"en_US\" \/>\n<input type=\"hidden\" name=\"_wpcf7_unit_tag\" value=\"wpcf7-f1805-o1\" \/>\n<input type=\"hidden\" name=\"_wpnonce\" value=\"a6f90d5674\" \/>\n<\/div>\n<p><span class=\"wpcf7-form-control-wrap your-name\"><input type=\"text\" name=\"your-name\" value=\"\" size=\"40\" class=\"wpcf7-form-control wpcf7-text wpcf7-validates-as-required\" aria-required=\"true\" aria-invalid=\"false\" placeholder=\"NOMBRE *\" \/><\/span><\/p>\n<p><span class=\"wpcf7-form-control-wrap your-email\"><input type=\"email\" name=\"your-email\" value=\"\" size=\"40\" class=\"wpcf7-form-control wpcf7-text wpcf7-email wpcf7-validates-as-required wpcf7-validates-as-email\" aria-required=\"true\" aria-invalid=\"false\" placeholder=\"EMAIL *\" \/><\/span> <\/p>\n<p><span class=\"wpcf7-form-control-wrap your-phone\"><input type=\"text\" name=\"your-phone\" value=\"\" size=\"40\" class=\"wpcf7-form-control wpcf7-text\" aria-invalid=\"false\" placeholder=\"TEL\u00c9FONO\" \/><\/span> <\/p>\n<p><span class=\"wpcf7-form-control-wrap menu-102\"><select name=\"menu-102\" class=\"wpcf7-form-control wpcf7-select\" aria-invalid=\"false\"><option value=\"SELECCIONA UNA OPCI\u00d3N\">SELECCIONA UNA OPCI\u00d3N<\/option><option value=\"INFORMACI\u00d3N GENERAL\">INFORMACI\u00d3N GENERAL<\/option><option value=\"TRANSPORTE NACIONAL\">TRANSPORTE NACIONAL<\/option><option value=\"TRANSPORTE INTERNACIONAL\">TRANSPORTE INTERNACIONAL<\/option><option value=\"TRANSPORTE DE TAULINERS\">TRANSPORTE DE TAULINERS<\/option><option value=\"G\u00d3NDOLA PORTAVEH\u00cdCULOS\">G\u00d3NDOLA PORTAVEH\u00cdCULOS<\/option><option value=\"BA\u00d1ERA DE CEREALES\">BA\u00d1ERA DE CEREALES<\/option><option value=\"OTROS\">OTROS<\/option><\/select><\/span><\/p>\n<p><span class=\"wpcf7-form-control-wrap your-message\"><textarea name=\"your-message\" cols=\"40\" rows=\"10\" class=\"wpcf7-form-control wpcf7-textarea\" aria-invalid=\"false\" placeholder=\"\u00bfC\u00d3MO PODEMOS AYUDAROS?\"><\/textarea><\/span> <\/p>\n<div class=\"wpcf7-form-control-wrap\"><div data-sitekey=\"6LfXqLsZAAAAAPl1FcIatCFEamQhpfmSfxCpy56v\" class=\"wpcf7-form-control g-recaptcha wpcf7-recaptcha\"><\/div>\n<noscript>\n\t<div style=\"width: 302px; height: 422px;\">\n\t\t<div style=\"width: 302px; height: 422px; position: relative;\">\n\t\t\t<div style=\"width: 302px; height: 422px; position: absolute;\">\n\t\t\t\t<iframe src=\"https:\/\/www.google.com\/recaptcha\/api\/fallback?k=6LfXqLsZAAAAAPl1FcIatCFEamQhpfmSfxCpy56v\" frameborder=\"0\" scrolling=\"no\" style=\"width: 302px; height:422px; border-style: none;\">\n\t\t\t\t<\/iframe>\n\t\t\t<\/div>\n\t\t\t<div style=\"width: 300px; height: 60px; border-style: none; bottom: 12px; left: 25px; margin: 0px; padding: 0px; right: 25px; background: #f9f9f9; border: 1px solid #c1c1c1; border-radius: 3px;\">\n\t\t\t\t<textarea id=\"g-recaptcha-response\" name=\"g-recaptcha-response\" class=\"g-recaptcha-response\" style=\"width: 250px; height: 40px; border: 1px solid #c1c1c1; margin: 10px 25px; padding: 0px; resize: none;\">\n\t\t\t\t<\/textarea>\n\t\t\t<\/div>\n\t\t<\/div>\n\t<\/div>\n<\/noscript>\n<\/div>\n<p><input type=\"submit\" value=\"ENVIAR\" class=\"wpcf7-form-control wpcf7-submit\" \/><\/p>\n<div class=\"wpcf7-response-output wpcf7-display-none\"><\/div><\/form><\/div><div class=\"fusion-clearfix\"><\/div>\n\n\t\t\t<\/div>\n\t\t<\/div><div  class=\"fusion-layout-column fusion_builder_column fusion_builder_column_1_2  fusion-one-half fusion-column-last 1_2\"  style='margin-top:0px;margin-bottom:0px;width:48%'>\n\t\t\t<div class=\"fusion-column-wrapper\" style=\"background-color:#f5f5f5;padding: 30px 10% 30px 10%;background-position:left top;background-repeat:no-repeat;-webkit-background-size:cover;-moz-background-size:cover;-o-background-size:cover;background-size:cover;\"  data-bg-url=\"\">\n\t\t\t\t<iframe loading=\"lazy\" src=\"https:\/\/www.google.com\/maps\/embed?pb=!1m18!1m12!1m3!1d4330.891344749384!2d0.8192713979142197!3d41.780429026119975!2m3!1f0!2f0!3f0!3m2!1i1024!2i768!4f13.1!3m3!1m2!1s0x0%3A0xece85f5e7c93bcec!2sLogitransit%20S.L.!5e0!3m2!1ses!2ses!4v1592396267376!5m2!1ses!2ses\" width=\"600\" height=\"300\" frameborder=\"0\" style=\"border:0;\" allowfullscreen=\"\" aria-hidden=\"false\" tabindex=\"0\"><\/iframe><h4 class=\"text_adaptat\"><span style=\"vertical-align: inherit;\"><span style=\"vertical-align: inherit;\">INFORMACI\u00d3N DE CONTACTO<\/span><\/span><\/h4>\n<div class=\"fusion-sep-clear\"><\/div><div class=\"fusion-separator sep-single sep-solid\" style=\"border-color:#3bafbf;border-top-width:2px;margin-top:0px;margin-bottom:30px;width:100%;max-width:40px;\"><\/div><ul class=\"fusion-checklist fusion-checklist-1\" style=\"font-size:17px;line-height:28.9px;\"><li class=\"fusion-li-item\"><span style=\"background-color:#333333;font-size:14.96px;height:28.9px;width:28.9px;margin-right:11.9px;\" class=\"icon-wrapper circle-yes\"><i class=\"fusion-li-icon fa fa-phone\" style=\"color:#ffffff;\"><\/i><\/span><div class=\"fusion-li-item-content\" style=\"margin-left:40.8px;\">\n<p>973 10 82 65<\/p>\n<\/div><\/li><li class=\"fusion-li-item\"><span style=\"background-color:#333333;font-size:14.96px;height:28.9px;width:28.9px;margin-right:11.9px;\" class=\"icon-wrapper circle-yes\"><i class=\"fusion-li-icon fa fa-envelope-o\" style=\"color:#ffffff;\"><\/i><\/span><div class=\"fusion-li-item-content\" style=\"margin-left:40.8px;\">\n<p><span style=\"vertical-align: inherit;\"><span style=\"vertical-align: inherit;\">Departamento de tr\u00e1fico: <\/span><\/span><br \/>\n<a href=\"mailto:noelia@logitransit.es\"><span style=\"vertical-align: inherit;\"><span style=\"vertical-align: inherit;\">noelia@logitransit.es <\/span><\/span><\/a><br \/>\n<a href=\"mailto:kateryna@logitransit.es\"><span style=\"vertical-align: inherit;\"><span style=\"vertical-align: inherit;\">kateryna@logitransit.es<\/span><\/span><\/a><\/p>\n<p><span style=\"vertical-align: inherit;\"><span style=\"vertical-align: inherit;\">Administraci\u00f3n:<\/span><\/span><\/p>\n<p><a href=\"mailto:pilar@logitransit.es\"><span style=\"vertical-align: inherit;\"><span style=\"vertical-align: inherit;\">pilar@logitransit.es<\/span><\/span><\/a><\/p>\n<p><span style=\"vertical-align: inherit;\"><span style=\"vertical-align: inherit;\">almac\u00e9n:<\/span><\/span><\/p>\n<p><a href=\"mailto:stockage@logitransit.es\">stockage@logitransit.es<\/a><\/p>\n<p><span style=\"vertical-align: inherit;\"><span style=\"vertical-align: inherit;\">Interesados en formar parte de nuestro equipo de trabajo, pueden enviar su curriculum vitae a\u00a0 <\/span><\/span><a href=\"mailto:logitransit@logitransit.es\"><span style=\"vertical-align: inherit;\"><span style=\"vertical-align: inherit;\">logitransit@logitransit.es<\/span><\/span><\/a><\/p>\n<\/div><\/li><li class=\"fusion-li-item\"><span style=\"background-color:#333333;font-size:14.96px;height:28.9px;width:28.9px;margin-right:11.9px;\" class=\"icon-wrapper circle-yes\"><i class=\"fusion-li-icon fa fa-map-marker\" style=\"color:#ffffff;\"><\/i><\/span><div class=\"fusion-li-item-content\" style=\"margin-left:40.8px;\">\n<div class=\"_4bl9\">\n<p>P.I. Campllong &#8212;\u00a0 C\/ Migjorn, 5<\/p>\n<p>25600- Balaguer<\/p>\n<p>Lleida<\/p>\n<\/div>\n<\/div><\/li><\/ul><div class=\"fusion-sep-clear\"><\/div><div class=\"fusion-separator fusion-full-width-sep sep-none\" style=\"margin-left: auto;margin-right: auto;margin-top:50px;\"><\/div><h4>HORARIS<\/h4>\n<div class=\"fusion-sep-clear\"><\/div><div class=\"fusion-separator sep-single sep-solid\" style=\"border-color:#3bafbf;border-top-width:2px;margin-top:0px;margin-bottom:30px;width:100%;max-width:40px;\"><\/div><div class=\"table-2\">\n<table width=\"100%\">\n<tbody>\n<tr>\n<td style=\"text-align: left;\"><span style=\"vertical-align: inherit;\"><span style=\"vertical-align: inherit;\">Lunes a viernes<\/span><\/span><\/td>\n<td style=\"text-align: right;\">\n<div class=\"_4bl9\">\n<div id=\"u_jsonp_3_8\" class=\"_6a uiPopover\">\n<div id=\"u_jsonp_3_9\" class=\"clearfix _ikh _5jau _p\">\n<div class=\"_4bl7\">8:00-18:00<\/div>\n<\/div>\n<\/div>\n<\/div>\n<\/td>\n<\/tr>\n<tr>\n<td style=\"text-align: left;\"><span style=\"vertical-align: inherit;\"><span style=\"vertical-align: inherit;\">s\u00e1bado<\/span><\/span><\/td>\n<td style=\"text-align: right;\"><span style=\"vertical-align: inherit;\"><span style=\"vertical-align: inherit;\">cerrado<\/span><\/span><\/td>\n<\/tr>\n<tr>\n<td style=\"text-align: left;\"><span style=\"vertical-align: inherit;\"><span style=\"vertical-align: inherit;\">domingo<\/span><\/span><\/td>\n<td style=\"text-align: right;\"><span style=\"vertical-align: inherit;\"><span style=\"vertical-align: inherit;\">cerrado<\/span><\/span><\/td>\n<\/tr>\n<\/tbody>\n<\/table>\n<\/div>\n<div class=\"fusion-clearfix\"><\/div>\n\n\t\t\t<\/div>\n\t\t<\/div><\/div><\/div><\/div>\n","protected":false},"excerpt":{"rendered":"Consultas Estamos disponibles de lunes a viernes de 8 a 18 horas. Resolveremos tus dudas o ampliaremos la informaci\u00f3n que requieras en un m\u00e1ximo de 48 horas. SELECCIONA UNA OPCI\u00d3NINFORMACI\u00d3N GENERALTRANSPORTE NACIONALTRANSPORTE INTERNACIONALTRANSPORTE DE TAULINERSG\u00d3NDOLA PORTAVEH\u00cdCULOSBA\u00d1ERA DE CEREALESOTROS INFORMACI\u00d3N DE CONTACTO 973 10 82 65 Departamento de tr\u00e1fico: noelia@logitransit.es kateryna@logitransit.es Administraci\u00f3n: pilar@logitransit.es almac\u00e9n: stockage@logitransit.es Interesados [...]","protected":false},"author":1,"featured_media":0,"parent":0,"menu_order":0,"comment_status":"closed","ping_status":"closed","template":"100-width.php","meta":{"footnotes":""},"class_list":["post-1717","page","type-page","status-publish","hentry"],"_links":{"self":[{"href":"https:\/\/logitransit.es\/es\/wp-json\/wp\/v2\/pages\/1717"}],"collection":[{"href":"https:\/\/logitransit.es\/es\/wp-json\/wp\/v2\/pages"}],"about":[{"href":"https:\/\/logitransit.es\/es\/wp-json\/wp\/v2\/types\/page"}],"author":[{"embeddable":true,"href":"https:\/\/logitransit.es\/es\/wp-json\/wp\/v2\/users\/1"}],"replies":[{"embeddable":true,"href":"https:\/\/logitransit.es\/es\/wp-json\/wp\/v2\/comments?post=1717"}],"version-history":[{"count":22,"href":"https:\/\/logitransit.es\/es\/wp-json\/wp\/v2\/pages\/1717\/revisions"}],"predecessor-version":[{"id":2184,"href":"https:\/\/logitransit.es\/es\/wp-json\/wp\/v2\/pages\/1717\/revisions\/2184"}],"wp:attachment":[{"href":"https:\/\/logitransit.es\/es\/wp-json\/wp\/v2\/media?parent=1717"}],"curies":[{"name":"wp","href":"https:\/\/api.w.org\/{rel}","templated":true}]}}