{"id":1731,"date":"2015-12-14T04:10:44","date_gmt":"2015-12-14T04:10:44","guid":{"rendered":"https:\/\/logitransit.es\/que-oferim\/?lang=es"},"modified":"2018-03-05T10:54:11","modified_gmt":"2018-03-05T10:54:11","slug":"que-oferim","status":"publish","type":"page","link":"https:\/\/logitransit.es\/es\/que-oferim\/","title":{"rendered":"Qu\u00e8 oferim?"},"content":{"rendered":"<div class=\"fusion-bg-parallax\"  data-bg-align=\"center center\" data-direction=\"left\" data-mute=\"false\" data-opacity=\"100\" data-velocity=\"-0.4\" data-mobile-enabled=\"false\" data-break_parents=\"0\" data-bg-image=\"https:\/\/logitransit.es\/wp-content\/uploads\/2015\/12\/FOTO-5.2.jpg\" data-bg-repeat=\"false\" data-bg-height=\"\" data-bg-width=\"\"><\/div><div id=\"fons-inici\" class=\"fusion-fullwidth fullwidth-box fusion-parallax-left nonhundred-percent-fullwidth\"  style='background-color: #000000;background-image: url(\"https:\/\/logitransit.es\/wp-content\/uploads\/2015\/12\/FOTO-5.2.jpg\");background-position: center center;background-repeat: no-repeat;padding-top:13%;padding-right:5%;padding-bottom:0%;padding-left:5%;border-top-width:0px;border-bottom-width:0px;border-color:#eae9e9;border-top-style:solid;border-bottom-style:solid;-webkit-background-size:cover;-moz-background-size:cover;-o-background-size:cover;background-size:cover;background-attachment:left;'><div class=\"fusion-builder-row fusion-row \"><div  class=\"fusion-layout-column fusion_builder_column fusion_builder_column_1_1  fusion-one-full fusion-column-first fusion-column-last 1_1\"  style='margin-top:0px;margin-bottom:30px;'>\n\t\t\t<div class=\"fusion-column-wrapper\" style=\"background-position:left top;background-repeat:no-repeat;-webkit-background-size:cover;-moz-background-size:cover;-o-background-size:cover;background-size:cover;\"  data-bg-url=\"\">\n\t\t\t\t<h1 style=\"text-align: left;\"><span style=\"color: #ffffff;\">\u00bfQu\u00e9<\/span> <span style=\"color: #00a2ff;\"><strong>ofrecemos?<\/strong><\/span><\/h1>\n<p style=\"font-size: 26px; line-height: 36px; text-align: left;\"><span style=\"color: #ffffff;\">Ofrecemos todo tipo de posibilidades para el transporte de tus productos y mercanc\u00edas.<\/span><\/p>\n<div class=\"fusion-clearfix\"><\/div>\n\n\t\t\t<\/div>\n\t\t<\/div><\/div><\/div><div  class=\"fusion-fullwidth fullwidth-box nonhundred-percent-fullwidth\"  style='background-color: rgba(255,255,255,0);background-position: left top;background-repeat: no-repeat;padding-top:30px;padding-right:0px;padding-bottom:30px;padding-left:0px;border-top-width:0px;border-bottom-width:0px;border-color:#eae9e9;border-top-style:solid;border-bottom-style:solid;'><div class=\"fusion-builder-row fusion-row \"><div  class=\"fusion-layout-column fusion_builder_column fusion_builder_column_1_1  fusion-one-full fusion-column-first fusion-column-last 1_1\"  style='margin-top:0px;margin-bottom:30px;'>\n\t\t\t<div class=\"fusion-column-wrapper\" style=\"background-position:left top;background-repeat:no-repeat;-webkit-background-size:cover;-moz-background-size:cover;-o-background-size:cover;background-size:cover;\"  data-bg-url=\"\">\n\t\t\t\t<h3 style=\"text-align: center;\">Trabajamos para cubrir tus necesidades<\/h3>\n<h5 style=\"text-align: center;\">A d\u00eda de hoy, gracias a un equipo de personal cualificado, nuestra agencia puede ofrecer a los clientes cualquier tipo de transporte nacional e internacional, con todas las garant\u00edas de profesionalidad, puntualidad y seriedad. As\u00ed pues, Podemos decir que nuestro trabajo nos avala.<\/h5>\n<div class=\"fusion-sep-clear\"><\/div><div class=\"fusion-separator fusion-full-width-sep sep-single sep-solid\" style=\"border-color:#03a9f4;border-top-width:1px;margin-left: auto;margin-right: auto;margin-top:40px;\"><span class=\"icon-wrapper\" style=\"border-color:transparent;\"><i class=\"fa fa-angle-down\" style=\"color:#03a9f4;\"><\/i><\/span><\/div><div class=\"fusion-sep-clear\"><\/div><div class=\"fusion-separator fusion-full-width-sep sep-none\" style=\"margin-left: auto;margin-right: auto;margin-top:10px;margin-bottom:10px;\"><\/div><div class=\"fusion-clearfix\"><\/div>\n\n\t\t\t<\/div>\n\t\t<\/div><div  class=\"fusion-layout-column fusion_builder_column fusion_builder_column_1_2  fusion-one-half fusion-column-first 1_2\"  style='margin-top:0px;margin-bottom:30px;width:50%;width:calc(50% - ( ( 4% ) * 0.5 ) );margin-right: 4%;'>\n\t\t\t<div class=\"fusion-column-wrapper\" style=\"background-position:left top;background-repeat:no-repeat;-webkit-background-size:cover;-moz-background-size:cover;-o-background-size:cover;background-size:cover;\"  data-bg-url=\"\">\n\t\t\t\t<h5 style=\"text-align: justify;\">El hecho de poseer taller propio hace que nuestros veh\u00edculos sean revisados semanalmente, intentando as\u00ed minimizar cualquier retraso de entrega.<\/h5>\n<h5 style=\"text-align: justify;\">Disponemos de veh\u00edculos de reparaci\u00f3n perfectamente equipados para que en cualquier momento y en cualquier punto, seamos capaces de desplazarse con urgencia para proceder a la reparaci\u00f3n de aver\u00edas. Si no es posible, nuestra g\u00f3ndola portaveh\u00edculos hace entrega del veh\u00edculo de sustituci\u00f3n para seguir con el trabajo a realizar y evitar al m\u00e1ximo cualquier contratiempo.<\/h5>\n<div class=\"fusion-clearfix\"><\/div>\n\n\t\t\t<\/div>\n\t\t<\/div><div  class=\"fusion-layout-column fusion_builder_column fusion_builder_column_1_2  fusion-one-half fusion-column-last 1_2\"  style='margin-top:0px;margin-bottom:30px;width:50%;width:calc(50% - ( ( 4% ) * 0.5 ) );'>\n\t\t\t<div class=\"fusion-column-wrapper\" style=\"background-position:left top;background-repeat:no-repeat;-webkit-background-size:cover;-moz-background-size:cover;-o-background-size:cover;background-size:cover;\"  data-bg-url=\"\">\n\t\t\t\t<h5 style=\"text-align: justify;\">Comprometidos con el cuidado del medio ambiente, una de nuestras inquietudes es la renovaci\u00f3n de veh\u00edculos para garantizar que estos dispongan de los \u00faltimos avances en materia de sostenibilidad.<\/h5>\n<h5 style=\"text-align: justify;\">Adem\u00e1s, todos los tractores disponen de localizador GPS para saber en cualquier momento donde se encuentra su mercanc\u00eda.<\/h5>\n<div class=\"fusion-clearfix\"><\/div>\n\n\t\t\t<\/div>\n\t\t<\/div><\/div><\/div><div  class=\"fusion-fullwidth fullwidth-box hundred-percent-fullwidth\"  style='background-color: rgba(255,255,255,0);background-position: center center;background-repeat: no-repeat;padding-top:20px;padding-right:0px;padding-bottom:20px;padding-left:0px;'><div class=\"fusion-builder-row fusion-row \"><div  class=\"fusion-layout-column fusion_builder_column fusion_builder_column_1_1  fusion-one-full fusion-column-first fusion-column-last 1_1\"  style='margin-top:0px;margin-bottom:30px;'>\n\t\t\t<div class=\"fusion-column-wrapper\" style=\"background-position:left top;background-repeat:no-repeat;-webkit-background-size:cover;-moz-background-size:cover;-o-background-size:cover;background-size:cover;\"  data-bg-url=\"\">\n\t\t\t\t<div class=\"fusion-column-content-centered\"><div class=\"fusion-column-content\"><div class=\"imageframe-align-center\"><span class=\"fusion-imageframe imageframe-none imageframe-1 hover-type-none\"><img loading=\"lazy\" decoding=\"async\" src=\"https:\/\/logitransit.es\/wp-content\/uploads\/2015\/12\/mapa25.png\" width=\"3013\" height=\"1817\" alt=\"\" title=\"mapa25\" class=\"img-responsive wp-image-1560\" srcset=\"https:\/\/logitransit.es\/wp-content\/uploads\/2015\/12\/mapa25-200x121.png 200w, https:\/\/logitransit.es\/wp-content\/uploads\/2015\/12\/mapa25-400x241.png 400w, https:\/\/logitransit.es\/wp-content\/uploads\/2015\/12\/mapa25-600x362.png 600w, https:\/\/logitransit.es\/wp-content\/uploads\/2015\/12\/mapa25-800x482.png 800w, https:\/\/logitransit.es\/wp-content\/uploads\/2015\/12\/mapa25-1200x724.png 1200w, https:\/\/logitransit.es\/wp-content\/uploads\/2015\/12\/mapa25.png 3013w\" sizes=\"(max-width: 800px) 100vw, 1170px\" \/><\/span><\/div><\/div><\/div><div class=\"fusion-clearfix\"><\/div>\n\n\t\t\t<\/div>\n\t\t<\/div><\/div><\/div>\n","protected":false},"excerpt":{"rendered":"\u00bfQu\u00e9 ofrecemos? Ofrecemos todo tipo de posibilidades para el transporte de tus productos y mercanc\u00edas. Trabajamos para cubrir tus necesidades A d\u00eda de hoy, gracias a un equipo de personal cualificado, nuestra agencia puede ofrecer a los clientes cualquier tipo de transporte nacional e internacional, con todas las garant\u00edas de profesionalidad, puntualidad y seriedad. As\u00ed [...]","protected":false},"author":1,"featured_media":0,"parent":0,"menu_order":0,"comment_status":"closed","ping_status":"closed","template":"100-width.php","meta":{"footnotes":""},"class_list":["post-1731","page","type-page","status-publish","hentry"],"_links":{"self":[{"href":"https:\/\/logitransit.es\/es\/wp-json\/wp\/v2\/pages\/1731"}],"collection":[{"href":"https:\/\/logitransit.es\/es\/wp-json\/wp\/v2\/pages"}],"about":[{"href":"https:\/\/logitransit.es\/es\/wp-json\/wp\/v2\/types\/page"}],"author":[{"embeddable":true,"href":"https:\/\/logitransit.es\/es\/wp-json\/wp\/v2\/users\/1"}],"replies":[{"embeddable":true,"href":"https:\/\/logitransit.es\/es\/wp-json\/wp\/v2\/comments?post=1731"}],"version-history":[{"count":3,"href":"https:\/\/logitransit.es\/es\/wp-json\/wp\/v2\/pages\/1731\/revisions"}],"predecessor-version":[{"id":1860,"href":"https:\/\/logitransit.es\/es\/wp-json\/wp\/v2\/pages\/1731\/revisions\/1860"}],"wp:attachment":[{"href":"https:\/\/logitransit.es\/es\/wp-json\/wp\/v2\/media?parent=1731"}],"curies":[{"name":"wp","href":"https:\/\/api.w.org\/{rel}","templated":true}]}}