{"id":1730,"date":"2015-12-14T04:10:44","date_gmt":"2015-12-14T04:10:44","guid":{"rendered":"https:\/\/logitransit.es\/que-oferim\/?lang=fr"},"modified":"2017-04-18T09:35:42","modified_gmt":"2017-04-18T09:35:42","slug":"que-oferim","status":"publish","type":"page","link":"https:\/\/logitransit.es\/fr\/que-oferim\/","title":{"rendered":"Qu\u00e8 oferim?"},"content":{"rendered":"<div class=\"fusion-bg-parallax\"  data-bg-align=\"center center\" data-direction=\"left\" data-mute=\"false\" data-opacity=\"100\" data-velocity=\"-0.4\" data-mobile-enabled=\"false\" data-break_parents=\"0\" data-bg-image=\"https:\/\/logitransit.es\/wp-content\/uploads\/2015\/12\/FOTO-5.2.jpg\" data-bg-repeat=\"false\" data-bg-height=\"\" data-bg-width=\"\"><\/div><div id=\"fons-inici\" class=\"fusion-fullwidth fullwidth-box fusion-parallax-left nonhundred-percent-fullwidth\"  style='background-color: #000000;background-image: url(\"https:\/\/logitransit.es\/wp-content\/uploads\/2015\/12\/FOTO-5.2.jpg\");background-position: center center;background-repeat: no-repeat;padding-top:13%;padding-right:5%;padding-bottom:0%;padding-left:5%;border-top-width:0px;border-bottom-width:0px;border-color:#eae9e9;border-top-style:solid;border-bottom-style:solid;-webkit-background-size:cover;-moz-background-size:cover;-o-background-size:cover;background-size:cover;background-attachment:left;'><div class=\"fusion-builder-row fusion-row \"><div  class=\"fusion-layout-column fusion_builder_column fusion_builder_column_1_1  fusion-one-full fusion-column-first fusion-column-last 1_1\"  style='margin-top:0px;margin-bottom:30px;'>\n\t\t\t<div class=\"fusion-column-wrapper\" style=\"background-position:left top;background-repeat:no-repeat;-webkit-background-size:cover;-moz-background-size:cover;-o-background-size:cover;background-size:cover;\"  data-bg-url=\"\">\n\t\t\t\t<h1 style=\"text-align: left;\"><span style=\"color: #ffffff;\">Que<\/span> <span style=\"color: #00a2ff;\"><strong>proposons-nous?<\/strong><\/span><\/h1>\n<p style=\"font-size: 26px; line-height: 36px; text-align: left;\"><span style=\"color: #ffffff;\">Nous offrons toutes sortes de possibilit\u00e9s pour le transport de vos produits et marchandises.<\/span><\/p>\n<div class=\"fusion-clearfix\"><\/div>\n\n\t\t\t<\/div>\n\t\t<\/div><\/div><\/div><div  class=\"fusion-fullwidth fullwidth-box nonhundred-percent-fullwidth\"  style='background-color: rgba(255,255,255,0);background-position: left top;background-repeat: no-repeat;padding-top:30px;padding-right:0px;padding-bottom:30px;padding-left:0px;border-top-width:0px;border-bottom-width:0px;border-color:#eae9e9;border-top-style:solid;border-bottom-style:solid;'><div class=\"fusion-builder-row fusion-row \"><div  class=\"fusion-layout-column fusion_builder_column fusion_builder_column_1_1  fusion-one-full fusion-column-first fusion-column-last 1_1\"  style='margin-top:0px;margin-bottom:30px;'>\n\t\t\t<div class=\"fusion-column-wrapper\" style=\"background-position:left top;background-repeat:no-repeat;-webkit-background-size:cover;-moz-background-size:cover;-o-background-size:cover;background-size:cover;\"  data-bg-url=\"\">\n\t\t\t\t<h3 style=\"text-align: center;\">Nous travaillons pour r\u00e9pondre \u00e0 vos besoins<\/h3>\n<h5 style=\"text-align: center;\">Aujourd&rsquo;hui, gr\u00e2ce \u00e0 une \u00e9quipe de personnel qualifi\u00e9, notre agence peut offrir \u00e0 ses clients tous les types de transports nationaux et internationaux, avec toutes les garanties de professionnalisme, ponctualit\u00e9 et s\u00e9rieux. Ainsi, nous pouvons dire que nous garantissons un bon travail.<\/h5>\n<div class=\"fusion-sep-clear\"><\/div><div class=\"fusion-separator fusion-full-width-sep sep-single sep-solid\" style=\"border-color:#03a9f4;border-top-width:1px;margin-left: auto;margin-right: auto;margin-top:40px;\"><span class=\"icon-wrapper\" style=\"border-color:transparent;\"><i class=\"fa fa-angle-down\" style=\"color:#03a9f4;\"><\/i><\/span><\/div><div class=\"fusion-sep-clear\"><\/div><div class=\"fusion-separator fusion-full-width-sep sep-none\" style=\"margin-left: auto;margin-right: auto;margin-top:10px;margin-bottom:10px;\"><\/div><div class=\"fusion-clearfix\"><\/div>\n\n\t\t\t<\/div>\n\t\t<\/div><div  class=\"fusion-layout-column fusion_builder_column fusion_builder_column_1_2  fusion-one-half fusion-column-first 1_2\"  style='margin-top:0px;margin-bottom:30px;width:50%;width:calc(50% - ( ( 4% ) * 0.5 ) );margin-right: 4%;'>\n\t\t\t<div class=\"fusion-column-wrapper\" style=\"background-position:left top;background-repeat:no-repeat;-webkit-background-size:cover;-moz-background-size:cover;-o-background-size:cover;background-size:cover;\"  data-bg-url=\"\">\n\t\t\t\t<h5 style=\"text-align: justify;\">Le fait d&rsquo;avoir notre propre atelier fait nos v\u00e9hicules sont v\u00e9rifi\u00e9s chaque semaine, en essayant de minimiser tout retard dans la livraison.<\/h5>\n<h5 style=\"text-align: justify;\">Nos v\u00e9hicules sont parfaitement \u00e9quip\u00e9s pour la r\u00e9paration \u00e0 tout moment et en tout lieu, nous sommes en mesure de se d\u00e9placer avec l&rsquo;urgence de proc\u00e9der \u00e0 la r\u00e9paration des pannes. Si cela est impossible, nos transporteurs de gondole pour la livraison du v\u00e9hicule de remplacement de continuer \u00e0 travailler pour tirer le meilleur parti et d&rsquo;\u00e9viter tout contretemps.<\/h5>\n<div class=\"fusion-clearfix\"><\/div>\n\n\t\t\t<\/div>\n\t\t<\/div><div  class=\"fusion-layout-column fusion_builder_column fusion_builder_column_1_2  fusion-one-half fusion-column-last 1_2\"  style='margin-top:0px;margin-bottom:30px;width:50%;width:calc(50% - ( ( 4% ) * 0.5 ) );'>\n\t\t\t<div class=\"fusion-column-wrapper\" style=\"background-position:left top;background-repeat:no-repeat;-webkit-background-size:cover;-moz-background-size:cover;-o-background-size:cover;background-size:cover;\"  data-bg-url=\"\">\n\t\t\t\t<h5 style=\"text-align: justify;\">Engag\u00e9 aux soins de l&rsquo;environnement, une de nos pr\u00e9occupations est le renouvellement des v\u00e9hicules pour leur assurer la plus r\u00e9cente en mati\u00e8re de durabilit\u00e9.<\/h5>\n<h5 style=\"text-align: justify;\">En outre, tous les tracteurs \u00e9quip\u00e9s de localisation GPS pour savoir \u00e0 tout moment o\u00f9 leurs marchandises.<\/h5>\n<div class=\"fusion-clearfix\"><\/div>\n\n\t\t\t<\/div>\n\t\t<\/div><\/div><\/div><div  class=\"fusion-fullwidth fullwidth-box hundred-percent-fullwidth\"  style='background-color: rgba(255,255,255,0);background-position: center center;background-repeat: no-repeat;padding-top:20px;padding-right:0px;padding-bottom:20px;padding-left:0px;'><div class=\"fusion-builder-row fusion-row \"><div  class=\"fusion-layout-column fusion_builder_column fusion_builder_column_1_1  fusion-one-full fusion-column-first fusion-column-last 1_1\"  style='margin-top:0px;margin-bottom:30px;'>\n\t\t\t<div class=\"fusion-column-wrapper\" style=\"background-position:left top;background-repeat:no-repeat;-webkit-background-size:cover;-moz-background-size:cover;-o-background-size:cover;background-size:cover;\"  data-bg-url=\"\">\n\t\t\t\t<div class=\"fusion-column-content-centered\"><div class=\"fusion-column-content\"><div class=\"imageframe-align-center\"><span class=\"fusion-imageframe imageframe-none imageframe-1 hover-type-none\"><img loading=\"lazy\" decoding=\"async\" src=\"https:\/\/logitransit.es\/wp-content\/uploads\/2015\/12\/mapa25.png\" width=\"3013\" height=\"1817\" alt=\"\" title=\"mapa25\" class=\"img-responsive wp-image-1559\" srcset=\"https:\/\/logitransit.es\/wp-content\/uploads\/2015\/12\/mapa25-200x121.png 200w, https:\/\/logitransit.es\/wp-content\/uploads\/2015\/12\/mapa25-400x241.png 400w, https:\/\/logitransit.es\/wp-content\/uploads\/2015\/12\/mapa25-600x362.png 600w, https:\/\/logitransit.es\/wp-content\/uploads\/2015\/12\/mapa25-800x482.png 800w, https:\/\/logitransit.es\/wp-content\/uploads\/2015\/12\/mapa25-1200x724.png 1200w, https:\/\/logitransit.es\/wp-content\/uploads\/2015\/12\/mapa25.png 3013w\" sizes=\"(max-width: 800px) 100vw, 1170px\" \/><\/span><\/div><\/div><\/div><div class=\"fusion-clearfix\"><\/div>\n\n\t\t\t<\/div>\n\t\t<\/div><\/div><\/div>\n","protected":false},"excerpt":{"rendered":"Que proposons-nous? Nous offrons toutes sortes de possibilit\u00e9s pour le transport de vos produits et marchandises. Nous travaillons pour r\u00e9pondre \u00e0 vos besoins Aujourd'hui, gr\u00e2ce \u00e0 une \u00e9quipe de personnel qualifi\u00e9, notre agence peut offrir \u00e0 ses clients tous les types de transports nationaux et internationaux, avec toutes les garanties de professionnalisme, ponctualit\u00e9 et s\u00e9rieux. [...]","protected":false},"author":1,"featured_media":0,"parent":0,"menu_order":0,"comment_status":"closed","ping_status":"closed","template":"100-width.php","meta":{"footnotes":""},"class_list":["post-1730","page","type-page","status-publish","hentry"],"_links":{"self":[{"href":"https:\/\/logitransit.es\/fr\/wp-json\/wp\/v2\/pages\/1730"}],"collection":[{"href":"https:\/\/logitransit.es\/fr\/wp-json\/wp\/v2\/pages"}],"about":[{"href":"https:\/\/logitransit.es\/fr\/wp-json\/wp\/v2\/types\/page"}],"author":[{"embeddable":true,"href":"https:\/\/logitransit.es\/fr\/wp-json\/wp\/v2\/users\/1"}],"replies":[{"embeddable":true,"href":"https:\/\/logitransit.es\/fr\/wp-json\/wp\/v2\/comments?post=1730"}],"version-history":[{"count":3,"href":"https:\/\/logitransit.es\/fr\/wp-json\/wp\/v2\/pages\/1730\/revisions"}],"predecessor-version":[{"id":1838,"href":"https:\/\/logitransit.es\/fr\/wp-json\/wp\/v2\/pages\/1730\/revisions\/1838"}],"wp:attachment":[{"href":"https:\/\/logitransit.es\/fr\/wp-json\/wp\/v2\/media?parent=1730"}],"curies":[{"name":"wp","href":"https:\/\/api.w.org\/{rel}","templated":true}]}}