{"id":1739,"date":"2015-12-14T04:10:10","date_gmt":"2015-12-14T04:10:10","guid":{"rendered":"https:\/\/logitransit.es\/qui-som\/?lang=fr"},"modified":"2024-01-16T12:17:55","modified_gmt":"2024-01-16T12:17:55","slug":"qui-sommes-nous","status":"publish","type":"page","link":"https:\/\/logitransit.es\/fr\/qui-sommes-nous\/","title":{"rendered":"QUI SOMMES NOUS"},"content":{"rendered":"<div  class=\"fusion-fullwidth fullwidth-box hundred-percent-fullwidth fusion-equal-height-columns\"  style='background-color: rgba(255,255,255,0);background-position: left top;background-repeat: no-repeat;border-top-width:0px;border-bottom-width:0px;border-color:#eae9e9;border-top-style:solid;border-bottom-style:solid;'><div class=\"fusion-builder-row fusion-row \"><div  class=\"fusion-layout-column fusion_builder_column fusion_builder_column_1_2  fusion-one-half fusion-column-first 1_2\"  style='margin-top:0px;margin-bottom:0px;'>\n\t\t\t<div class=\"fusion-column-wrapper\" style=\"padding: 30px 13% 30px 13%;background-position:left top;background-repeat:no-repeat;-webkit-background-size:cover;-moz-background-size:cover;-o-background-size:cover;background-size:cover;\"  data-bg-url=\"\">\n\t\t\t\t<h3 class=\"lletra_bona\" style=\"text-align: center;\"><strong>Experts en transport<\/strong><\/h3>\n<div class=\"text_adaptat\">\n<p><span style=\"vertical-align: inherit;\"><span style=\"vertical-align: inherit;\">Quatre d\u00e9cennies dans le secteur de la r\u00e9paration de tous types de v\u00e9hicules industriels, ont fait un jour cette entreprise familiale a d\u00e9cid\u00e9 d&rsquo;\u00e9tendre son activit\u00e9 avec le transport de marchandises par route, en commen\u00e7ant par trois v\u00e9hicules en 2000, jusqu&rsquo;\u00e0 atteindre une flotte de 22 camions aujourd&rsquo;hui.<\/span><\/span><\/p>\n<p><span style=\"vertical-align: inherit;\"><span style=\"vertical-align: inherit;\">En 2008, alors que le secteur des transports traversait une p\u00e9riode difficile, nous avons d\u00e9cid\u00e9 de miser sur un nouveau projet, notre propre agence de transport, ainsi, en mai 2008, LOGITRANSIT, SL est n\u00e9<\/span><\/span><\/p>\n<p><span style=\"vertical-align: inherit;\"><span style=\"vertical-align: inherit;\">La volont\u00e9 de continuer \u00e0 s&rsquo;am\u00e9liorer a conduit l&rsquo;entreprise \u00e0 \u00e9largir son offre en 2020, avec des installations de 7000 m2 dans la zone industrielle de Campllong de Balaguer (25600, Lleida), fournissant ainsi toutes sortes de stockage et distribution aux clients.<\/span><\/span><\/p>\n<\/div>\n<div class=\"fusion-clearfix\"><\/div>\n\n\t\t\t<\/div>\n\t\t<\/div><div  class=\"fusion-layout-column fusion_builder_column fusion_builder_column_1_2  fusion-one-half fusion-column-last 1_2\"  style='margin-top:0px;margin-bottom:30px;width:48%'>\n\t\t\t<div class=\"fusion-column-wrapper\" style=\"padding: 30px 13% 30px 13%;background-position:left top;background-repeat:no-repeat;-webkit-background-size:cover;-moz-background-size:cover;-o-background-size:cover;background-size:cover;\"  data-bg-url=\"\">\n\t\t\t\t<h3 class=\"lletra_bona\" style=\"text-align: center;\"><strong>Soci\u00e9t\u00e9s du groupe<\/strong><\/h3>\n<div class=\"imageframe-align-center\"><span class=\"fusion-imageframe imageframe-none imageframe-1 hover-type-none\"><img loading=\"lazy\" decoding=\"async\" src=\"https:\/\/logitransit.es\/wp-content\/uploads\/2015\/12\/autobalabomida-300x75.png\" width=\"300\" height=\"75\" alt=\"\" title=\"autobalabomida\" class=\"img-responsive wp-image-2005\" srcset=\"https:\/\/logitransit.es\/wp-content\/uploads\/2015\/12\/autobalabomida-200x50.png 200w, https:\/\/logitransit.es\/wp-content\/uploads\/2015\/12\/autobalabomida-400x100.png 400w, https:\/\/logitransit.es\/wp-content\/uploads\/2015\/12\/autobalabomida.png 480w\" sizes=\"(max-width: 800px) 100vw, 1170px\" \/><\/span><\/div><div class=\"fusion-clearfix\"><\/div>\n\n\t\t\t<\/div>\n\t\t<\/div><\/div><\/div>\n","protected":false},"excerpt":{"rendered":"Experts en transport Quatre d\u00e9cennies dans le secteur de la r\u00e9paration de tous types de v\u00e9hicules industriels, ont fait un jour cette entreprise familiale a d\u00e9cid\u00e9 d'\u00e9tendre son activit\u00e9 avec le transport de marchandises par route, en commen\u00e7ant par trois v\u00e9hicules en 2000, jusqu'\u00e0 atteindre une flotte de 22 camions aujourd'hui. En 2008, alors que [...]","protected":false},"author":1,"featured_media":0,"parent":0,"menu_order":0,"comment_status":"closed","ping_status":"closed","template":"100-width.php","meta":{"footnotes":""},"class_list":["post-1739","page","type-page","status-publish","hentry"],"_links":{"self":[{"href":"https:\/\/logitransit.es\/fr\/wp-json\/wp\/v2\/pages\/1739"}],"collection":[{"href":"https:\/\/logitransit.es\/fr\/wp-json\/wp\/v2\/pages"}],"about":[{"href":"https:\/\/logitransit.es\/fr\/wp-json\/wp\/v2\/types\/page"}],"author":[{"embeddable":true,"href":"https:\/\/logitransit.es\/fr\/wp-json\/wp\/v2\/users\/1"}],"replies":[{"embeddable":true,"href":"https:\/\/logitransit.es\/fr\/wp-json\/wp\/v2\/comments?post=1739"}],"version-history":[{"count":10,"href":"https:\/\/logitransit.es\/fr\/wp-json\/wp\/v2\/pages\/1739\/revisions"}],"predecessor-version":[{"id":2190,"href":"https:\/\/logitransit.es\/fr\/wp-json\/wp\/v2\/pages\/1739\/revisions\/2190"}],"wp:attachment":[{"href":"https:\/\/logitransit.es\/fr\/wp-json\/wp\/v2\/media?parent=1739"}],"curies":[{"name":"wp","href":"https:\/\/api.w.org\/{rel}","templated":true}]}}